{"id":3844,"date":"2025-11-25T12:32:58","date_gmt":"2025-11-25T11:32:58","guid":{"rendered":"https:\/\/boatrental-giethoorn.com\/kontaktieren-sie-uns\/"},"modified":"2026-03-17T11:53:04","modified_gmt":"2026-03-17T10:53:04","slug":"kontaktieren-sie-uns","status":"publish","type":"page","link":"https:\/\/boatrental-giethoorn.com\/de\/kontaktieren-sie-uns\/","title":{"rendered":"Kontaktieren Sie uns"},"content":{"rendered":"\t\t<div data-elementor-type=\"wp-page\" data-elementor-id=\"3844\" class=\"elementor elementor-3844 elementor-1018\" data-elementor-post-type=\"page\">\n\t\t\t\t<div class=\"elementor-element elementor-element-1a847435 elementor-hidden-desktop elementor-hidden-tablet elementor-hidden-mobile e-flex e-con-boxed e-con e-parent\" data-id=\"1a847435\" data-element_type=\"container\" data-e-type=\"container\">\n\t\t\t\t\t<div class=\"e-con-inner\">\n\t\t<div class=\"elementor-element elementor-element-ae0042e e-con-full glass-white e-flex e-con e-child\" data-id=\"ae0042e\" data-element_type=\"container\" data-e-type=\"container\" data-settings=\"{&quot;background_background&quot;:&quot;classic&quot;}\">\n\t\t\t\t<div class=\"elementor-element elementor-element-01d523f elementor-widget elementor-widget-heading\" data-id=\"01d523f\" data-element_type=\"widget\" data-e-type=\"widget\" data-widget_type=\"heading.default\">\n\t\t\t\t<div class=\"elementor-widget-container\">\n\t\t\t\t\t<h2 class=\"elementor-heading-title elementor-size-default\">Kontaktieren Sie uns<\/h2>\t\t\t\t<\/div>\n\t\t\t\t<\/div>\n\t\t<div class=\"elementor-element elementor-element-7a1a17a e-con-full e-flex e-con e-child\" data-id=\"7a1a17a\" data-element_type=\"container\" data-e-type=\"container\">\n\t\t\t\t<div class=\"elementor-element elementor-element-13c57cd elementor-widget elementor-widget-heading\" data-id=\"13c57cd\" data-element_type=\"widget\" data-e-type=\"widget\" data-widget_type=\"heading.default\">\n\t\t\t\t<div class=\"elementor-widget-container\">\n\t\t\t\t\t<h2 class=\"elementor-heading-title elementor-size-default\">Startseite<\/h2>\t\t\t\t<\/div>\n\t\t\t\t<\/div>\n\t\t\t\t<div class=\"elementor-element elementor-element-62b4401 elementor-widget elementor-widget-heading\" data-id=\"62b4401\" data-element_type=\"widget\" data-e-type=\"widget\" data-widget_type=\"heading.default\">\n\t\t\t\t<div class=\"elementor-widget-container\">\n\t\t\t\t\t<h2 class=\"elementor-heading-title elementor-size-default\">\/<\/h2>\t\t\t\t<\/div>\n\t\t\t\t<\/div>\n\t\t\t\t<div class=\"elementor-element elementor-element-e6eb7f2 elementor-widget elementor-widget-heading\" data-id=\"e6eb7f2\" data-element_type=\"widget\" data-e-type=\"widget\" data-widget_type=\"heading.default\">\n\t\t\t\t<div class=\"elementor-widget-container\">\n\t\t\t\t\t<h2 class=\"elementor-heading-title elementor-size-default\">Kontaktieren Sie uns<\/h2>\t\t\t\t<\/div>\n\t\t\t\t<\/div>\n\t\t\t\t<\/div>\n\t\t\t\t<\/div>\n\t\t\t\t\t<\/div>\n\t\t\t\t<\/div>\n\t\t<div class=\"elementor-element elementor-element-27dd3c5 animated-slow e-flex e-con-boxed elementor-invisible e-con e-parent\" data-id=\"27dd3c5\" data-element_type=\"container\" data-e-type=\"container\" data-settings=\"{&quot;animation&quot;:&quot;fadeInDown&quot;}\">\n\t\t\t\t\t<div class=\"e-con-inner\">\n\t\t<div class=\"elementor-element elementor-element-851fd9f e-con-full e-flex e-con e-child\" data-id=\"851fd9f\" data-element_type=\"container\" data-e-type=\"container\">\n\t\t\t\t<div class=\"elementor-element elementor-element-6f1ac59 elementor-widget elementor-widget-heading\" data-id=\"6f1ac59\" data-element_type=\"widget\" data-e-type=\"widget\" data-widget_type=\"heading.default\">\n\t\t\t\t<div class=\"elementor-widget-container\">\n\t\t\t\t\t<h1 class=\"elementor-heading-title elementor-size-default\">Kontakt Bootsverleih Giethoorn<\/h1>\t\t\t\t<\/div>\n\t\t\t\t<\/div>\n\t\t\t\t<\/div>\n\t\t\t\t\t<\/div>\n\t\t\t\t<\/div>\n\t\t<div class=\"elementor-element elementor-element-afb1556 e-flex e-con-boxed e-con e-parent\" data-id=\"afb1556\" data-element_type=\"container\" data-e-type=\"container\">\n\t\t\t\t\t<div class=\"e-con-inner\">\n\t\t<div class=\"elementor-element elementor-element-2aa0e18 e-con-full e-flex e-con e-child\" data-id=\"2aa0e18\" data-element_type=\"container\" data-e-type=\"container\" data-settings=\"{&quot;background_background&quot;:&quot;classic&quot;}\">\n\t\t\t\t<div class=\"elementor-element elementor-element-c4ffcc5 elementor-widget elementor-widget-image\" data-id=\"c4ffcc5\" data-element_type=\"widget\" data-e-type=\"widget\" data-widget_type=\"image.default\">\n\t\t\t\t<div class=\"elementor-widget-container\">\n\t\t\t\t\t\t\t\t\t\t\t\t\t\t\t<img fetchpriority=\"high\" decoding=\"async\" width=\"800\" height=\"450\" src=\"https:\/\/boatrental-giethoorn.com\/wp-content\/uploads\/2025\/11\/WhatsApp-Image-2025-08-26-at-14.47.29-5-1024x576.jpg\" class=\"attachment-large size-large wp-image-3070\" alt=\"\" srcset=\"https:\/\/boatrental-giethoorn.com\/wp-content\/uploads\/2025\/11\/WhatsApp-Image-2025-08-26-at-14.47.29-5-1024x576.jpg 1024w, https:\/\/boatrental-giethoorn.com\/wp-content\/uploads\/2025\/11\/WhatsApp-Image-2025-08-26-at-14.47.29-5-300x169.jpg 300w, https:\/\/boatrental-giethoorn.com\/wp-content\/uploads\/2025\/11\/WhatsApp-Image-2025-08-26-at-14.47.29-5-768x432.jpg 768w, https:\/\/boatrental-giethoorn.com\/wp-content\/uploads\/2025\/11\/WhatsApp-Image-2025-08-26-at-14.47.29-5-1536x864.jpg 1536w, https:\/\/boatrental-giethoorn.com\/wp-content\/uploads\/2025\/11\/WhatsApp-Image-2025-08-26-at-14.47.29-5.jpg 1600w\" sizes=\"(max-width: 800px) 100vw, 800px\" \/>\t\t\t\t\t\t\t\t\t\t\t\t\t\t\t<\/div>\n\t\t\t\t<\/div>\n\t\t\t\t<\/div>\n\t\t<div class=\"elementor-element elementor-element-caae83c e-con-full e-flex e-con e-child\" data-id=\"caae83c\" data-element_type=\"container\" data-e-type=\"container\">\n\t\t\t\t<div class=\"elementor-element elementor-element-69315df elementor-widget elementor-widget-heading\" data-id=\"69315df\" data-element_type=\"widget\" data-e-type=\"widget\" data-widget_type=\"heading.default\">\n\t\t\t\t<div class=\"elementor-widget-container\">\n\t\t\t\t\t<h2 class=\"elementor-heading-title elementor-size-default\">Kontaktieren Sie unser Team<\/h2>\t\t\t\t<\/div>\n\t\t\t\t<\/div>\n\t\t\t\t<div class=\"elementor-element elementor-element-2c2fb91 elementor-widget elementor-widget-text-editor\" data-id=\"2c2fb91\" data-element_type=\"widget\" data-e-type=\"widget\" data-widget_type=\"text-editor.default\">\n\t\t\t\t<div class=\"elementor-widget-container\">\n\t\t\t\t\t\t\t\t\t<p>Haben Sie Fragen zum Bootsverleih oder zur Buchung einer Kanalrundfahrt in Giethoorn? Unser Team hilft Ihnen gerne weiter. Sie k\u00f6nnen uns per Telefon, E-Mail oder WhatsApp f\u00fcr Verf\u00fcgbarkeitsanfragen, Gruppenbuchungen oder besondere W\u00fcnsche kontaktieren. Wir befinden uns direkt am Wasser und sind leicht erreichbar. Wenn Sie bereit sind zu buchen, klicken Sie den <a href=\"https:\/\/boatrental-giethoorn.letsbook.app\/en-us\/form?partnerCode=brcom\">link<\/a>    <\/p>\t\t\t\t\t\t\t\t<\/div>\n\t\t\t\t<\/div>\n\t\t\t\t<div class=\"elementor-element elementor-element-c3f3f1f elementor-widget elementor-widget-button\" data-id=\"c3f3f1f\" data-element_type=\"widget\" data-e-type=\"widget\" data-widget_type=\"button.default\">\n\t\t\t\t<div class=\"elementor-widget-container\">\n\t\t\t\t\t\t\t\t\t<div class=\"elementor-button-wrapper\">\n\t\t\t\t\t<a class=\"elementor-button elementor-button-link elementor-size-sm\" href=\"\">\n\t\t\t\t\t\t<span class=\"elementor-button-content-wrapper\">\n\t\t\t\t\t\t<span class=\"elementor-button-icon\">\n\t\t\t\t<svg aria-hidden=\"true\" class=\"e-font-icon-svg e-fab-whatsapp\" viewBox=\"0 0 448 512\" xmlns=\"http:\/\/www.w3.org\/2000\/svg\"><path d=\"M380.9 97.1C339 55.1 283.2 32 223.9 32c-122.4 0-222 99.6-222 222 0 39.1 10.2 77.3 29.6 111L0 480l117.7-30.9c32.4 17.7 68.9 27 106.1 27h.1c122.3 0 224.1-99.6 224.1-222 0-59.3-25.2-115-67.1-157zm-157 341.6c-33.2 0-65.7-8.9-94-25.7l-6.7-4-69.8 18.3L72 359.2l-4.4-7c-18.5-29.4-28.2-63.3-28.2-98.2 0-101.7 82.8-184.5 184.6-184.5 49.3 0 95.6 19.2 130.4 54.1 34.8 34.9 56.2 81.2 56.1 130.5 0 101.8-84.9 184.6-186.6 184.6zm101.2-138.2c-5.5-2.8-32.8-16.2-37.9-18-5.1-1.9-8.8-2.8-12.5 2.8-3.7 5.6-14.3 18-17.6 21.8-3.2 3.7-6.5 4.2-12 1.4-32.6-16.3-54-29.1-75.5-66-5.7-9.8 5.7-9.1 16.3-30.3 1.8-3.7.9-6.9-.5-9.7-1.4-2.8-12.5-30.1-17.1-41.2-4.5-10.8-9.1-9.3-12.5-9.5-3.2-.2-6.9-.2-10.6-.2-3.7 0-9.7 1.4-14.8 6.9-5.1 5.6-19.4 19-19.4 46.3 0 27.3 19.9 53.7 22.6 57.4 2.8 3.7 39.1 59.7 94.8 83.8 35.2 15.2 49 16.5 66.6 13.9 10.7-1.6 32.8-13.4 37.4-26.4 4.6-13 4.6-24.1 3.2-26.4-1.3-2.5-5-3.9-10.5-6.6z\"><\/path><\/svg>\t\t\t<\/span>\n\t\t\t\t\t\t\t\t\t<span class=\"elementor-button-text\">Mit uns chatten<\/span>\n\t\t\t\t\t<\/span>\n\t\t\t\t\t<\/a>\n\t\t\t\t<\/div>\n\t\t\t\t\t\t\t\t<\/div>\n\t\t\t\t<\/div>\n\t\t<div class=\"elementor-element elementor-element-9440397 e-con-full e-flex e-con e-child\" data-id=\"9440397\" data-element_type=\"container\" data-e-type=\"container\">\n\t\t<div class=\"elementor-element elementor-element-1984d91 e-con-full e-flex e-con e-child\" data-id=\"1984d91\" data-element_type=\"container\" data-e-type=\"container\">\n\t\t\t\t<div class=\"elementor-element elementor-element-bb55a26 elementor-widget elementor-widget-heading\" data-id=\"bb55a26\" data-element_type=\"widget\" data-e-type=\"widget\" data-widget_type=\"heading.default\">\n\t\t\t\t<div class=\"elementor-widget-container\">\n\t\t\t\t\t<h2 class=\"elementor-heading-title elementor-size-default\">Telefon<\/h2>\t\t\t\t<\/div>\n\t\t\t\t<\/div>\n\t\t\t\t<div class=\"elementor-element elementor-element-8211dc4 elementor-icon-list--layout-traditional elementor-list-item-link-full_width elementor-widget elementor-widget-icon-list\" data-id=\"8211dc4\" data-element_type=\"widget\" data-e-type=\"widget\" data-widget_type=\"icon-list.default\">\n\t\t\t\t<div class=\"elementor-widget-container\">\n\t\t\t\t\t\t\t<ul class=\"elementor-icon-list-items\">\n\t\t\t\t\t\t\t<li class=\"elementor-icon-list-item\">\n\t\t\t\t\t\t\t\t\t\t\t<a href=\"tel:+31521360606\">\n\n\t\t\t\t\t\t\t\t\t\t\t\t<span class=\"elementor-icon-list-icon\">\n\t\t\t\t\t\t\t<i aria-hidden=\"true\" class=\"jki jki-phone-solid\"><\/i>\t\t\t\t\t\t<\/span>\n\t\t\t\t\t\t\t\t\t\t<span class=\"elementor-icon-list-text\">+31 521 360 606<\/span>\n\t\t\t\t\t\t\t\t\t\t\t<\/a>\n\t\t\t\t\t\t\t\t\t<\/li>\n\t\t\t\t\t\t<\/ul>\n\t\t\t\t\t\t<\/div>\n\t\t\t\t<\/div>\n\t\t\t\t<\/div>\n\t\t<div class=\"elementor-element elementor-element-2608c03 e-con-full e-flex e-con e-child\" data-id=\"2608c03\" data-element_type=\"container\" data-e-type=\"container\">\n\t\t\t\t<div class=\"elementor-element elementor-element-aab91c1 elementor-widget elementor-widget-heading\" data-id=\"aab91c1\" data-element_type=\"widget\" data-e-type=\"widget\" data-widget_type=\"heading.default\">\n\t\t\t\t<div class=\"elementor-widget-container\">\n\t\t\t\t\t<h2 class=\"elementor-heading-title elementor-size-default\">E-Mail<\/h2>\t\t\t\t<\/div>\n\t\t\t\t<\/div>\n\t\t\t\t<div class=\"elementor-element elementor-element-29105d4 elementor-icon-list--layout-traditional elementor-list-item-link-full_width elementor-widget elementor-widget-icon-list\" data-id=\"29105d4\" data-element_type=\"widget\" data-e-type=\"widget\" data-widget_type=\"icon-list.default\">\n\t\t\t\t<div class=\"elementor-widget-container\">\n\t\t\t\t\t\t\t<ul class=\"elementor-icon-list-items\">\n\t\t\t\t\t\t\t<li class=\"elementor-icon-list-item\">\n\t\t\t\t\t\t\t\t\t\t\t<a href=\"mailto:info@boatrental-giethoorn.eu\">\n\n\t\t\t\t\t\t\t\t\t\t\t\t<span class=\"elementor-icon-list-icon\">\n\t\t\t\t\t\t\t<svg aria-hidden=\"true\" class=\"e-font-icon-svg e-far-envelope\" viewBox=\"0 0 512 512\" xmlns=\"http:\/\/www.w3.org\/2000\/svg\"><path d=\"M464 64H48C21.49 64 0 85.49 0 112v288c0 26.51 21.49 48 48 48h416c26.51 0 48-21.49 48-48V112c0-26.51-21.49-48-48-48zm0 48v40.805c-22.422 18.259-58.168 46.651-134.587 106.49-16.841 13.247-50.201 45.072-73.413 44.701-23.208.375-56.579-31.459-73.413-44.701C106.18 199.465 70.425 171.067 48 152.805V112h416zM48 400V214.398c22.914 18.251 55.409 43.862 104.938 82.646 21.857 17.205 60.134 55.186 103.062 54.955 42.717.231 80.509-37.199 103.053-54.947 49.528-38.783 82.032-64.401 104.947-82.653V400H48z\"><\/path><\/svg>\t\t\t\t\t\t<\/span>\n\t\t\t\t\t\t\t\t\t\t<span class=\"elementor-icon-list-text\">info@boatrental-giethoorn.eu<\/span>\n\t\t\t\t\t\t\t\t\t\t\t<\/a>\n\t\t\t\t\t\t\t\t\t<\/li>\n\t\t\t\t\t\t<\/ul>\n\t\t\t\t\t\t<\/div>\n\t\t\t\t<\/div>\n\t\t\t\t<\/div>\n\t\t\t\t<\/div>\n\t\t\t\t<\/div>\n\t\t\t\t\t<\/div>\n\t\t\t\t<\/div>\n\t\t\t\t<\/div>\n\t\t","protected":false},"excerpt":{"rendered":"<p>Kontaktieren Sie uns Startseite \/ Kontaktieren Sie uns Kontakt Bootsverleih Giethoorn Kontaktieren Sie unser Team Haben Sie Fragen zum Bootsverleih oder zur Buchung einer Kanalrundfahrt in Giethoorn? Unser Team hilft Ihnen gerne weiter. Sie k\u00f6nnen uns per Telefon, E-Mail oder WhatsApp f\u00fcr Verf\u00fcgbarkeitsanfragen, Gruppenbuchungen oder besondere W\u00fcnsche kontaktieren. Wir befinden uns direkt am Wasser und [&hellip;]<\/p>\n","protected":false},"author":3,"featured_media":0,"parent":0,"menu_order":0,"comment_status":"closed","ping_status":"closed","template":"elementor_header_footer","meta":{"footnotes":""},"class_list":["post-3844","page","type-page","status-publish","hentry"],"yoast_head":"<!-- This site is optimized with the Yoast SEO Premium plugin v27.3 (Yoast SEO v27.3) - https:\/\/yoast.com\/product\/yoast-seo-premium-wordpress\/ -->\n<title>Kontakt Bootsverleih Giethoorn | Kanalrundfahrten &amp; Private Touren<\/title>\n<meta name=\"description\" content=\"Fragen zum Bootsverleih oder Kanalrundfahrten in Giethoorn? Kontaktieren Sie unser Team per Telefon, E-Mail oder WhatsApp. Wir helfen Ihnen gerne bei der Planung Ihres Besuchs.\" \/>\n<meta name=\"robots\" content=\"index, follow, max-snippet:-1, max-image-preview:large, max-video-preview:-1\" \/>\n<link rel=\"canonical\" href=\"https:\/\/boatrental-giethoorn.com\/de\/kontaktieren-sie-uns\/\" \/>\n<meta property=\"og:locale\" content=\"de_DE\" \/>\n<meta property=\"og:type\" content=\"article\" \/>\n<meta property=\"og:title\" content=\"Kontaktieren Sie uns\" \/>\n<meta property=\"og:description\" content=\"Fragen zum Bootsverleih oder Kanalrundfahrten in Giethoorn? Kontaktieren Sie unser Team per Telefon, E-Mail oder WhatsApp. Wir helfen Ihnen gerne bei der Planung Ihres Besuchs.\" \/>\n<meta property=\"og:url\" content=\"https:\/\/boatrental-giethoorn.com\/de\/kontaktieren-sie-uns\/\" \/>\n<meta property=\"og:site_name\" content=\"Boatrental-Giethoorn.com\" \/>\n<meta property=\"article:modified_time\" content=\"2026-03-17T10:53:04+00:00\" \/>\n<meta property=\"og:image\" content=\"https:\/\/boatrental-giethoorn.com\/wp-content\/uploads\/2025\/11\/WhatsApp-Image-2025-08-26-at-14.47.29-5.jpg\" \/>\n\t<meta property=\"og:image:width\" content=\"1600\" \/>\n\t<meta property=\"og:image:height\" content=\"900\" \/>\n\t<meta property=\"og:image:type\" content=\"image\/jpeg\" \/>\n<meta name=\"twitter:card\" content=\"summary_large_image\" \/>\n<script type=\"application\/ld+json\" class=\"yoast-schema-graph\">{\"@context\":\"https:\\\/\\\/schema.org\",\"@graph\":[{\"@type\":\"WebPage\",\"@id\":\"https:\\\/\\\/boatrental-giethoorn.com\\\/de\\\/kontaktieren-sie-uns\\\/\",\"url\":\"https:\\\/\\\/boatrental-giethoorn.com\\\/de\\\/kontaktieren-sie-uns\\\/\",\"name\":\"Kontakt Bootsverleih Giethoorn | Kanalrundfahrten & Private Touren\",\"isPartOf\":{\"@id\":\"https:\\\/\\\/boatrental-giethoorn.com\\\/de\\\/#website\"},\"primaryImageOfPage\":{\"@id\":\"https:\\\/\\\/boatrental-giethoorn.com\\\/de\\\/kontaktieren-sie-uns\\\/#primaryimage\"},\"image\":{\"@id\":\"https:\\\/\\\/boatrental-giethoorn.com\\\/de\\\/kontaktieren-sie-uns\\\/#primaryimage\"},\"thumbnailUrl\":\"https:\\\/\\\/boatrental-giethoorn.com\\\/wp-content\\\/uploads\\\/2025\\\/11\\\/WhatsApp-Image-2025-08-26-at-14.47.29-5-1024x576.jpg\",\"datePublished\":\"2025-11-25T11:32:58+00:00\",\"dateModified\":\"2026-03-17T10:53:04+00:00\",\"description\":\"Fragen zum Bootsverleih oder Kanalrundfahrten in Giethoorn? Kontaktieren Sie unser Team per Telefon, E-Mail oder WhatsApp. Wir helfen Ihnen gerne bei der Planung Ihres Besuchs.\",\"breadcrumb\":{\"@id\":\"https:\\\/\\\/boatrental-giethoorn.com\\\/de\\\/kontaktieren-sie-uns\\\/#breadcrumb\"},\"inLanguage\":\"de\",\"potentialAction\":[{\"@type\":\"ReadAction\",\"target\":[\"https:\\\/\\\/boatrental-giethoorn.com\\\/de\\\/kontaktieren-sie-uns\\\/\"]}]},{\"@type\":\"ImageObject\",\"inLanguage\":\"de\",\"@id\":\"https:\\\/\\\/boatrental-giethoorn.com\\\/de\\\/kontaktieren-sie-uns\\\/#primaryimage\",\"url\":\"https:\\\/\\\/boatrental-giethoorn.com\\\/wp-content\\\/uploads\\\/2025\\\/11\\\/WhatsApp-Image-2025-08-26-at-14.47.29-5-1024x576.jpg\",\"contentUrl\":\"https:\\\/\\\/boatrental-giethoorn.com\\\/wp-content\\\/uploads\\\/2025\\\/11\\\/WhatsApp-Image-2025-08-26-at-14.47.29-5-1024x576.jpg\"},{\"@type\":\"BreadcrumbList\",\"@id\":\"https:\\\/\\\/boatrental-giethoorn.com\\\/de\\\/kontaktieren-sie-uns\\\/#breadcrumb\",\"itemListElement\":[{\"@type\":\"ListItem\",\"position\":1,\"name\":\"Home\",\"item\":\"https:\\\/\\\/boatrental-giethoorn.com\\\/de\\\/startseite\\\/\"},{\"@type\":\"ListItem\",\"position\":2,\"name\":\"Kontaktieren Sie uns\"}]},{\"@type\":\"WebSite\",\"@id\":\"https:\\\/\\\/boatrental-giethoorn.com\\\/de\\\/#website\",\"url\":\"https:\\\/\\\/boatrental-giethoorn.com\\\/de\\\/\",\"name\":\"Boatrental-Giethoorn.com\",\"description\":\"Boatrental, Canal Cruises, Private tours &amp; More\",\"publisher\":{\"@id\":\"https:\\\/\\\/boatrental-giethoorn.com\\\/de\\\/#organization\"},\"potentialAction\":[{\"@type\":\"SearchAction\",\"target\":{\"@type\":\"EntryPoint\",\"urlTemplate\":\"https:\\\/\\\/boatrental-giethoorn.com\\\/de\\\/?s={search_term_string}\"},\"query-input\":{\"@type\":\"PropertyValueSpecification\",\"valueRequired\":true,\"valueName\":\"search_term_string\"}}],\"inLanguage\":\"de\"},{\"@type\":\"Organization\",\"@id\":\"https:\\\/\\\/boatrental-giethoorn.com\\\/de\\\/#organization\",\"name\":\"Boatrental-Giethoorn\",\"url\":\"https:\\\/\\\/boatrental-giethoorn.com\\\/de\\\/\",\"logo\":{\"@type\":\"ImageObject\",\"inLanguage\":\"de\",\"@id\":\"https:\\\/\\\/boatrental-giethoorn.com\\\/de\\\/#\\\/schema\\\/logo\\\/image\\\/\",\"url\":\"https:\\\/\\\/boatrental-giethoorn.com\\\/wp-content\\\/uploads\\\/2026\\\/03\\\/ChatGPT-Image-20-mrt-2026-12_08_02-1024x683.png\",\"contentUrl\":\"https:\\\/\\\/boatrental-giethoorn.com\\\/wp-content\\\/uploads\\\/2026\\\/03\\\/ChatGPT-Image-20-mrt-2026-12_08_02-1024x683.png\",\"width\":1024,\"height\":683,\"caption\":\"Boatrental-Giethoorn\"},\"image\":{\"@id\":\"https:\\\/\\\/boatrental-giethoorn.com\\\/de\\\/#\\\/schema\\\/logo\\\/image\\\/\"},\"description\":\"Boat Rental Giethoorn offers electric boat rentals, guided canal cruises and private tours in the picturesque village of Giethoorn, the Netherlands.\",\"email\":\"info@boatrental-giethoorn.com\",\"telephone\":\"+31 521 360 606\",\"legalName\":\"Giethoorn Verhuur B.V.\",\"foundingDate\":\"2018-04-09\",\"numberOfEmployees\":{\"@type\":\"QuantitativeValue\",\"minValue\":\"11\",\"maxValue\":\"50\"}}]}<\/script>\n<!-- \/ Yoast SEO Premium plugin. -->","yoast_head_json":{"title":"Kontakt Bootsverleih Giethoorn | Kanalrundfahrten & Private Touren","description":"Fragen zum Bootsverleih oder Kanalrundfahrten in Giethoorn? Kontaktieren Sie unser Team per Telefon, E-Mail oder WhatsApp. Wir helfen Ihnen gerne bei der Planung Ihres Besuchs.","robots":{"index":"index","follow":"follow","max-snippet":"max-snippet:-1","max-image-preview":"max-image-preview:large","max-video-preview":"max-video-preview:-1"},"canonical":"https:\/\/boatrental-giethoorn.com\/de\/kontaktieren-sie-uns\/","og_locale":"de_DE","og_type":"article","og_title":"Kontaktieren Sie uns","og_description":"Fragen zum Bootsverleih oder Kanalrundfahrten in Giethoorn? Kontaktieren Sie unser Team per Telefon, E-Mail oder WhatsApp. Wir helfen Ihnen gerne bei der Planung Ihres Besuchs.","og_url":"https:\/\/boatrental-giethoorn.com\/de\/kontaktieren-sie-uns\/","og_site_name":"Boatrental-Giethoorn.com","article_modified_time":"2026-03-17T10:53:04+00:00","og_image":[{"width":1600,"height":900,"url":"https:\/\/boatrental-giethoorn.com\/wp-content\/uploads\/2025\/11\/WhatsApp-Image-2025-08-26-at-14.47.29-5.jpg","type":"image\/jpeg"}],"twitter_card":"summary_large_image","schema":{"@context":"https:\/\/schema.org","@graph":[{"@type":"WebPage","@id":"https:\/\/boatrental-giethoorn.com\/de\/kontaktieren-sie-uns\/","url":"https:\/\/boatrental-giethoorn.com\/de\/kontaktieren-sie-uns\/","name":"Kontakt Bootsverleih Giethoorn | Kanalrundfahrten & Private Touren","isPartOf":{"@id":"https:\/\/boatrental-giethoorn.com\/de\/#website"},"primaryImageOfPage":{"@id":"https:\/\/boatrental-giethoorn.com\/de\/kontaktieren-sie-uns\/#primaryimage"},"image":{"@id":"https:\/\/boatrental-giethoorn.com\/de\/kontaktieren-sie-uns\/#primaryimage"},"thumbnailUrl":"https:\/\/boatrental-giethoorn.com\/wp-content\/uploads\/2025\/11\/WhatsApp-Image-2025-08-26-at-14.47.29-5-1024x576.jpg","datePublished":"2025-11-25T11:32:58+00:00","dateModified":"2026-03-17T10:53:04+00:00","description":"Fragen zum Bootsverleih oder Kanalrundfahrten in Giethoorn? Kontaktieren Sie unser Team per Telefon, E-Mail oder WhatsApp. Wir helfen Ihnen gerne bei der Planung Ihres Besuchs.","breadcrumb":{"@id":"https:\/\/boatrental-giethoorn.com\/de\/kontaktieren-sie-uns\/#breadcrumb"},"inLanguage":"de","potentialAction":[{"@type":"ReadAction","target":["https:\/\/boatrental-giethoorn.com\/de\/kontaktieren-sie-uns\/"]}]},{"@type":"ImageObject","inLanguage":"de","@id":"https:\/\/boatrental-giethoorn.com\/de\/kontaktieren-sie-uns\/#primaryimage","url":"https:\/\/boatrental-giethoorn.com\/wp-content\/uploads\/2025\/11\/WhatsApp-Image-2025-08-26-at-14.47.29-5-1024x576.jpg","contentUrl":"https:\/\/boatrental-giethoorn.com\/wp-content\/uploads\/2025\/11\/WhatsApp-Image-2025-08-26-at-14.47.29-5-1024x576.jpg"},{"@type":"BreadcrumbList","@id":"https:\/\/boatrental-giethoorn.com\/de\/kontaktieren-sie-uns\/#breadcrumb","itemListElement":[{"@type":"ListItem","position":1,"name":"Home","item":"https:\/\/boatrental-giethoorn.com\/de\/startseite\/"},{"@type":"ListItem","position":2,"name":"Kontaktieren Sie uns"}]},{"@type":"WebSite","@id":"https:\/\/boatrental-giethoorn.com\/de\/#website","url":"https:\/\/boatrental-giethoorn.com\/de\/","name":"Boatrental-Giethoorn.com","description":"Boatrental, Canal Cruises, Private tours &amp; More","publisher":{"@id":"https:\/\/boatrental-giethoorn.com\/de\/#organization"},"potentialAction":[{"@type":"SearchAction","target":{"@type":"EntryPoint","urlTemplate":"https:\/\/boatrental-giethoorn.com\/de\/?s={search_term_string}"},"query-input":{"@type":"PropertyValueSpecification","valueRequired":true,"valueName":"search_term_string"}}],"inLanguage":"de"},{"@type":"Organization","@id":"https:\/\/boatrental-giethoorn.com\/de\/#organization","name":"Boatrental-Giethoorn","url":"https:\/\/boatrental-giethoorn.com\/de\/","logo":{"@type":"ImageObject","inLanguage":"de","@id":"https:\/\/boatrental-giethoorn.com\/de\/#\/schema\/logo\/image\/","url":"https:\/\/boatrental-giethoorn.com\/wp-content\/uploads\/2026\/03\/ChatGPT-Image-20-mrt-2026-12_08_02-1024x683.png","contentUrl":"https:\/\/boatrental-giethoorn.com\/wp-content\/uploads\/2026\/03\/ChatGPT-Image-20-mrt-2026-12_08_02-1024x683.png","width":1024,"height":683,"caption":"Boatrental-Giethoorn"},"image":{"@id":"https:\/\/boatrental-giethoorn.com\/de\/#\/schema\/logo\/image\/"},"description":"Boat Rental Giethoorn offers electric boat rentals, guided canal cruises and private tours in the picturesque village of Giethoorn, the Netherlands.","email":"info@boatrental-giethoorn.com","telephone":"+31 521 360 606","legalName":"Giethoorn Verhuur B.V.","foundingDate":"2018-04-09","numberOfEmployees":{"@type":"QuantitativeValue","minValue":"11","maxValue":"50"}}]}},"_links":{"self":[{"href":"https:\/\/boatrental-giethoorn.com\/de\/wp-json\/wp\/v2\/pages\/3844","targetHints":{"allow":["GET"]}}],"collection":[{"href":"https:\/\/boatrental-giethoorn.com\/de\/wp-json\/wp\/v2\/pages"}],"about":[{"href":"https:\/\/boatrental-giethoorn.com\/de\/wp-json\/wp\/v2\/types\/page"}],"author":[{"embeddable":true,"href":"https:\/\/boatrental-giethoorn.com\/de\/wp-json\/wp\/v2\/users\/3"}],"replies":[{"embeddable":true,"href":"https:\/\/boatrental-giethoorn.com\/de\/wp-json\/wp\/v2\/comments?post=3844"}],"version-history":[{"count":2,"href":"https:\/\/boatrental-giethoorn.com\/de\/wp-json\/wp\/v2\/pages\/3844\/revisions"}],"predecessor-version":[{"id":3846,"href":"https:\/\/boatrental-giethoorn.com\/de\/wp-json\/wp\/v2\/pages\/3844\/revisions\/3846"}],"wp:attachment":[{"href":"https:\/\/boatrental-giethoorn.com\/de\/wp-json\/wp\/v2\/media?parent=3844"}],"curies":[{"name":"wp","href":"https:\/\/api.w.org\/{rel}","templated":true}]}}